{"id":29,"date":"2026-01-03T02:10:13","date_gmt":"2026-01-03T02:10:13","guid":{"rendered":"https:\/\/rs88.us\/?page_id=29"},"modified":"2026-01-03T03:35:41","modified_gmt":"2026-01-03T03:35:41","slug":"trang-chu","status":"publish","type":"page","link":"https:\/\/rs88.us\/","title":{"rendered":"Trang ch\u1ee7"},"content":{"rendered":"<div class=\"row row-collapse row-full-width\"  id=\"row-1701032515\">\n\n\t<div id=\"col-1610547514\" class=\"col medium-4 large-4\"  >\n\t\t\t\t<div class=\"col-inner\"  >\n\t\t\t\n\t\t\t\n\t<div class=\"img has-hover x md-x lg-x y md-y lg-y\" id=\"image_1413315461\">\n\t\t<a class=\"\" href=\"https:\/\/rs88.us\/qc\/1\" target=\"_blank\" rel=\"noopener\" >\t\t\t\t\t\t<div class=\"img-inner dark\" >\n\t\t\t<img loading=\"lazy\" decoding=\"async\" width=\"880\" height=\"334\" src=\"https:\/\/rs88.us\/wp-content\/uploads\/2026\/01\/rs88-phatthuong.png\" class=\"attachment-original size-original\" alt=\"RS88\" srcset=\"https:\/\/rs88.us\/wp-content\/uploads\/2026\/01\/rs88-phatthuong.png 880w, https:\/\/rs88.us\/wp-content\/uploads\/2026\/01\/rs88-phatthuong-300x114.png 300w, https:\/\/rs88.us\/wp-content\/uploads\/2026\/01\/rs88-phatthuong-768x291.png 768w\" sizes=\"auto, (max-width: 880px) 100vw, 880px\" \/>\t\t\t\t\t\t\n\t\t\t\t\t<\/div>\n\t\t\t\t\t\t<\/a>\t\t\n<style>\n#image_1413315461 {\n  width: 100%;\n}\n<\/style>\n\t<\/div>\n\t\n\t\t<\/div>\n\t\t\t\t\t<\/div>\n\n\t\n\n\t<div id=\"col-716582328\" class=\"col medium-4 large-4\"  >\n\t\t\t\t<div class=\"col-inner\"  >\n\t\t\t\n\t\t\t\n\t<div class=\"img has-hover x md-x lg-x y md-y lg-y\" id=\"image_1061169582\">\n\t\t<a class=\"\" href=\"https:\/\/rs88.us\/qc\/1\" target=\"_blank\" rel=\"noopener\" >\t\t\t\t\t\t<div class=\"img-inner dark\" >\n\t\t\t<img loading=\"lazy\" decoding=\"async\" width=\"880\" height=\"334\" src=\"https:\/\/rs88.us\/wp-content\/uploads\/2026\/01\/rs88-hoan.png\" class=\"attachment-original size-original\" alt=\"\" srcset=\"https:\/\/rs88.us\/wp-content\/uploads\/2026\/01\/rs88-hoan.png 880w, https:\/\/rs88.us\/wp-content\/uploads\/2026\/01\/rs88-hoan-300x114.png 300w, https:\/\/rs88.us\/wp-content\/uploads\/2026\/01\/rs88-hoan-768x291.png 768w\" sizes=\"auto, (max-width: 880px) 100vw, 880px\" \/>\t\t\t\t\t\t\n\t\t\t\t\t<\/div>\n\t\t\t\t\t\t<\/a>\t\t\n<style>\n#image_1061169582 {\n  width: 100%;\n}\n<\/style>\n\t<\/div>\n\t\n\t\t<\/div>\n\t\t\t\t\t<\/div>\n\n\t\n\n\t<div id=\"col-360169385\" class=\"col medium-4 large-4\"  >\n\t\t\t\t<div class=\"col-inner\"  >\n\t\t\t\n\t\t\t\n\t<div class=\"img has-hover x md-x lg-x y md-y lg-y\" id=\"image_1111057803\">\n\t\t<a class=\"\" href=\"https:\/\/rs88.us\/qc\/1\" target=\"_blank\" rel=\"noopener\" >\t\t\t\t\t\t<div class=\"img-inner dark\" >\n\t\t\t<img loading=\"lazy\" decoding=\"async\" width=\"880\" height=\"334\" src=\"https:\/\/rs88.us\/wp-content\/uploads\/2026\/01\/rs88-napdau.png\" class=\"attachment-original size-original\" alt=\"RS88\" srcset=\"https:\/\/rs88.us\/wp-content\/uploads\/2026\/01\/rs88-napdau.png 880w, https:\/\/rs88.us\/wp-content\/uploads\/2026\/01\/rs88-napdau-300x114.png 300w, https:\/\/rs88.us\/wp-content\/uploads\/2026\/01\/rs88-napdau-768x291.png 768w\" sizes=\"auto, (max-width: 880px) 100vw, 880px\" \/>\t\t\t\t\t\t\n\t\t\t\t\t<\/div>\n\t\t\t\t\t\t<\/a>\t\t\n<style>\n#image_1111057803 {\n  width: 100%;\n}\n<\/style>\n\t<\/div>\n\t\n\t\t<\/div>\n\t\t\t\t\t<\/div>\n\n\t\n<\/div>\n<div class=\"row\"  id=\"row-728532972\">\n\n\t<div id=\"col-742156047\" class=\"col small-12 large-12\"  >\n\t\t\t\t<div class=\"col-inner\"  >\n\t\t\t\n\t\t\t\n\t<div id=\"text-3756241916\" class=\"text\">\n\t\t\n<h1 style=\"text-align: center;\"><span style=\"color: #fb960b; font-family: verdana, geneva, sans-serif;\"><a style=\"color: #fb960b;\" href=\"https:\/\/1a0rs88.top\/\" target=\"_blank\" rel=\"noopener\">RS88<\/a> &#8211; S\u0103n Th\u01b0\u1edfng H\u00e0ng Ng\u00e0y Nh\u1eadn Ngay Qu\u00e0 Kh\u1ee7ng, C\u00f9ng C\u1ed5ng Game RS88<\/span><\/h1>\n<blockquote><p><span style=\"font-family: verdana, geneva, sans-serif;\"><em>RS88 l\u00e0 nh\u00e0 c\u00e1i tr\u1ef1c tuy\u1ebfn h\u00e0ng \u0111\u1ea7u hi\u1ec7n nay, thu h\u00fat h\u00e0ng ngh\u00ecn th\u00e0nh vi\u00ean m\u1ed7i ng\u00e0y nh\u1edd giao di\u1ec7n hi\u1ec7n \u0111\u1ea1i, kho game l\u1edbn v\u00e0 h\u1ec7 th\u1ed1ng b\u1ea3o m\u1eadt tuy\u1ec7t \u0111\u1ed1i. \u0110\u1eb7c bi\u1ec7t, ng\u01b0\u1eddi m\u1edbi khi \u0111\u0103ng k\u00fd s\u1ebd nh\u1eadn ngay nhi\u1ec1u ph\u1ea7n th\u01b0\u1edfng h\u1ea5p d\u1eabn c\u00f9ng \u01b0u \u0111\u00e3i kh\u1ee7ng m\u1ed7i ng\u00e0y. H\u00e3y gia nh\u1eadp ngay h\u00f4m nay \u0111\u1ec3 t\u1eadn h\u01b0\u1edfng th\u1ebf gi\u1edbi c\u00e1 c\u01b0\u1ee3c \u0111\u1ec9nh cao, n\u01a1i c\u00f3 th\u1ec3 v\u1eeba gi\u1ea3i tr\u00ed v\u1eeba gia t\u0103ng thu nh\u1eadp d\u1ec5 d\u00e0ng!<\/em><\/span><\/p>\n<p><span style=\"font-family: verdana, geneva, sans-serif;\">Link v\u00e0o nh\u00e0 c\u00e1i: <span style=\"color: #fb960b;\"><a style=\"color: #fb960b;\" href=\"https:\/\/rs88.us\/\"><strong>https:\/\/rs88.us\/<\/strong><\/a><\/span><\/span><\/p><\/blockquote>\n<h2><span style=\"font-family: verdana, geneva, sans-serif; color: #fb960b;\">\u0110i\u1ec3m m\u1ea1nh v\u01b0\u1ee3t tr\u1ed9i c\u1ee7a RS88<\/span><\/h2>\n<p><span style=\"font-family: verdana, geneva, sans-serif;\">RS88 lu\u00f4n l\u1eafng nghe v\u00e0 bi\u1ebft c\u00e1ch l\u00e0m kh\u00e1ch h\u00e0ng h\u00e0i l\u00f2ng b\u1edfi nh\u01b0ng \u01b0u \u0111i\u1ec3m khi\u1ebfn \u0111\u00f4ng \u0111\u1ea3o ng\u01b0\u1eddi ch\u01a1i y\u00eau th\u00edch v\u00e0 \u0111\u1ee9ng v\u1eedng t\u1eeb th\u1ecb tr\u01b0\u1eddng n\u01b0\u1edbc ngo\u00e0i l\u1ea7n ng\u01b0\u1eddi ch\u01a1i trong n\u01b0\u1edbc. D\u01b0\u1edbi \u0111\u00e2y l\u00e0 1 s\u1ed1 \u0111i\u1ec3m n\u1ed5i b\u1eadt \u0111\u00e3 thu h\u00fat ng\u01b0\u1eddi ch\u01a1i:<\/span><br \/>\n\t\t\n<style>\n#text-3756241916 {\n  color: rgb(255,255,255);\n}\n#text-3756241916 > * {\n  color: rgb(255,255,255);\n}\n<\/style>\n\t<\/div>\n\t\n<div class=\"row\"  id=\"row-1375691046\">\n\n\t<div id=\"col-1066572366\" class=\"col medium-4 small-12 large-4\"  >\n\t\t\t\t<div class=\"col-inner\"  >\n\t\t\t\n\t\t\t\n\n\t\t<div class=\"icon-box featured-box icon-box-top text-left\"  >\n\t\t\t\t<div class=\"icon-box-text last-reset\">\n\t\t\t\t\t\t\t\t\t\n\t<div id=\"text-2217733121\" class=\"text\">\n\t\t\n<h3><img loading=\"lazy\" decoding=\"async\" class=\"size-full wp-image-54 aligncenter\" src=\"https:\/\/rs88.us\/wp-content\/uploads\/2026\/01\/thuong-hieu-uy-tin.webp\" alt=\"RS88\" width=\"80\" height=\"80\" \/><\/h3>\n<h3 style=\"text-align: center;\"><span style=\"font-family: verdana, geneva, sans-serif; color: #fb960b;\"><b>Giao di\u1ec7n RS88 th\u00e2n thi\u1ec7n, t\u1ed1c \u0111\u1ed9 m\u01b0\u1ee3t m\u00e0<\/b><\/span><\/h3>\n<p style=\"text-align: left;\"><span style=\"font-family: verdana, geneva, sans-serif;\">Ngay t\u1eeb c\u00e1i nh\u00ecn \u0111\u1ea7u ti\u00ean, <b>RS88 <\/b>g\u00e2y \u1ea5n t\u01b0\u1ee3ng b\u1edfi thi\u1ebft k\u1ebf t\u1ed1i gi\u1ea3n nh\u01b0ng tinh t\u1ebf. Giao di\u1ec7n \u0111\u01b0\u1ee3c b\u1ed1 tr\u00ed h\u1ee3p l\u00fd, d\u1ec5 thao t\u00e1c, gi\u00fap ng\u01b0\u1eddi ch\u01a1i truy c\u1eadp nhanh v\u00e0o c\u00e1c s\u1ea3nh game. H\u1ec7 th\u1ed1ng \u0111\u01b0\u1ee3c t\u1ed1i \u01b0u h\u00f3a \u0111\u1ec3 t\u1ea3i trang nhanh, kh\u00f4ng x\u1ea3y ra t\u00ecnh tr\u1ea1ng gi\u1eadt lag khi truy c\u1eadp t\u1eeb nhi\u1ec1u thi\u1ebft b\u1ecb c\u00f9ng l\u00fac.<\/span><\/p>\n<p style=\"text-align: left;\"><span style=\"font-family: verdana, geneva, sans-serif;\">\u0110\u1eb7c bi\u1ec7t, nh\u00e0 c\u00e1i m\u1edbi c\u00f2n \u0111\u1ea7u t\u01b0 m\u1ea1nh v\u00e0o phi\u00ean b\u1ea3n mobile, mang l\u1ea1i tr\u1ea3i nghi\u1ec7m m\u01b0\u1ee3t m\u00e0 nh\u01b0 tr\u00ean m\u00e1y t\u00ednh. D\u00f9 s\u1eed d\u1ee5ng 4G hay Wifi, t\u1ed1c \u0111\u1ed9 ph\u1ea3n h\u1ed3i lu\u00f4n \u0111\u1ea3m b\u1ea3o, gi\u00fap m\u1ed7i v\u00e1n c\u01b0\u1ee3c di\u1ec5n ra li\u1ec1n m\u1ea1ch.<\/span><\/p>\n\t\t\n<style>\n#text-2217733121 {\n  text-align: center;\n  color: rgb(255,255,255);\n}\n#text-2217733121 > * {\n  color: rgb(255,255,255);\n}\n<\/style>\n\t<\/div>\n\t\n\t\t<\/div>\n\t<\/div>\n\t\n\t\n\t\t<\/div>\n\t\t\t\t\t<\/div>\n\n\t\n\n\t<div id=\"col-916159923\" class=\"col medium-4 small-12 large-4\"  >\n\t\t\t\t<div class=\"col-inner\"  >\n\t\t\t\n\t\t\t\n\n\t\t<div class=\"icon-box featured-box icon-box-top text-left\"  >\n\t\t\t\t<div class=\"icon-box-text last-reset\">\n\t\t\t\t\t\t\t\t\t\n\t<div id=\"text-2666876462\" class=\"text\">\n\t\t\n<p><img loading=\"lazy\" decoding=\"async\" class=\"size-full wp-image-55 aligncenter\" src=\"https:\/\/rs88.us\/wp-content\/uploads\/2026\/01\/san-pham.webp\" alt=\"RS88\" width=\"80\" height=\"80\" \/><\/p>\n<h3 style=\"text-align: center;\"><span style=\"font-family: verdana, geneva, sans-serif; color: #fb960b;\"><b>\u0110a d\u1ea1ng s\u1ea3n ph\u1ea9m v\u00e0 k\u00e8o c\u01b0\u1ee3c h\u1ea5p d\u1eabn\u00a0<\/b><\/span><\/h3>\n<p style=\"text-align: left;\"><span style=\"font-family: verdana, geneva, sans-serif;\">Kho game t\u1ea1i<b> RS88.COM<\/b>\u00a0\u0111\u01b0\u1ee3c \u0111\u00e1nh gi\u00e1 l\u00e0 m\u1ed9t trong nh\u1eefng n\u1ec1n t\u1ea3ng phong ph\u00fa nh\u1ea5t th\u1ecb tr\u01b0\u1eddng hi\u1ec7n nay. Ng\u01b0\u1eddi tham gia c\u00f3 th\u1ec3 l\u1ef1a ch\u1ecdn h\u00e0ng tr\u0103m s\u1ea3n ph\u1ea9m kh\u00e1c nhau thu\u1ed9c c\u00e1c danh m\u1ee5c: k\u00e8o th\u1ec3 thao, casino tr\u1ef1c tuy\u1ebfn, slot game, x\u1ed5 s\u1ed1 v\u00e0 game b\u00e0i d\u00e2n gian.<\/span><\/p>\n<p style=\"text-align: left;\"><span style=\"font-family: verdana, geneva, sans-serif;\"><b>RS88 <\/b>h\u1ee3p t\u00e1c c\u00f9ng nhi\u1ec1u nh\u00e0 ph\u00e1t h\u00e0nh game l\u1edbn tr\u00ean th\u1ebf gi\u1edbi, gi\u00fap ch\u1ea5t l\u01b0\u1ee3ng \u0111\u1ed3 h\u1ecda, \u00e2m thanh v\u00e0 t\u1ef7 l\u1ec7 tr\u1ea3 th\u01b0\u1edfng \u0111\u1ea1t chu\u1ea9n qu\u1ed1c t\u1ebf. M\u1ed7i m\u1ed9t th\u1ec3 lo\u1ea1i \u0111\u1ec1u c\u00f3 h\u01b0\u1edbng d\u1eabn c\u1ee5 th\u1ec3 gi\u00fap ng\u01b0\u1eddi m\u1edbi d\u1ec5 d\u00e0ng thao t\u00e1c, \u0111\u1ed3ng th\u1eddi th\u01b0\u1eddng xuy\u00ean c\u1eadp nh\u1eadt phi\u00ean b\u1ea3n m\u1edbi \u0111\u1ec3 t\u1ea1o c\u1ea3m gi\u00e1c t\u01b0\u01a1i m\u1edbi.<\/span><\/p>\n\t\t\n<style>\n#text-2666876462 {\n  text-align: center;\n  color: rgb(255,255,255);\n}\n#text-2666876462 > * {\n  color: rgb(255,255,255);\n}\n<\/style>\n\t<\/div>\n\t\n\t\t<\/div>\n\t<\/div>\n\t\n\t\n\t\t<\/div>\n\t\t\t\t\t<\/div>\n\n\t\n\n\t<div id=\"col-441295999\" class=\"col medium-4 small-12 large-4\"  >\n\t\t\t\t<div class=\"col-inner\"  >\n\t\t\t\n\t\t\t\n\t<div id=\"text-694560706\" class=\"text\">\n\t\t\n<h3><img loading=\"lazy\" decoding=\"async\" class=\"size-full wp-image-58 aligncenter\" src=\"https:\/\/rs88.us\/wp-content\/uploads\/2026\/01\/bm-an-toan.webp\" alt=\"\" width=\"80\" height=\"80\" \/><\/h3>\n<h3 style=\"text-align: center;\"><span style=\"font-family: verdana, geneva, sans-serif; color: #fb960b;\"><b>H\u1ec7 th\u1ed1ng b\u1ea3o m\u1eadt hi\u1ec7n \u0111\u1ea1i v\u00e0 an to\u00e0n<\/b><\/span><\/h3>\n<p style=\"text-align: left;\"><span style=\"font-family: verdana, geneva, sans-serif;\">B\u1ea3o m\u1eadt gi\u00fap\u00a0<b>RS88 <\/b>t\u1ea1o d\u1ef1ng ni\u1ec1m tin tuy\u1ec7t \u0111\u1ed1i cho h\u1ed9i vi\u00ean. H\u1ec7 th\u1ed1ng s\u1eed d\u1ee5ng chu\u1ea9n m\u00e3 h\u00f3a SSL 256-bit t\u01b0\u01a1ng t\u1ef1 c\u00e1c ng\u00e2n h\u00e0ng l\u1edbn, gi\u00fap b\u1ea3o v\u1ec7 to\u00e0n b\u1ed9 th\u00f4ng tin c\u00e1 nh\u00e2n v\u00e0 d\u1eef li\u1ec7u giao d\u1ecbch.<\/span> <span style=\"font-family: verdana, geneva, sans-serif;\">\u0110\u1ed9i ng\u0169 k\u1ef9 thu\u1eadt th\u01b0\u1eddng xuy\u00ean ki\u1ec3m tra h\u1ec7 th\u1ed1ng, \u0111\u1ea3m b\u1ea3o kh\u00f4ng c\u00f3 l\u1ed7 h\u1ed5ng n\u00e0o b\u1ecb l\u1ee3i d\u1ee5ng. B\u00ean c\u1ea1nh \u0111\u00f3,<\/span><\/p>\n<p style=\"text-align: left;\"><span style=\"font-family: verdana, geneva, sans-serif;\"> <strong>RS88<\/strong> tu\u00e2n th\u1ee7 nghi\u00eam ng\u1eb7t ch\u00ednh s\u00e1ch b\u1ea3o m\u1eadt qu\u1ed1c t\u1ebf, kh\u00f4ng chia s\u1ebb d\u1eef li\u1ec7u ng\u01b0\u1eddi d\u00f9ng cho b\u00ean th\u1ee9 ba. \u0110\u00e2y l\u00e0 y\u1ebfu t\u1ed1 gi\u00fap th\u01b0\u01a1ng hi\u1ec7u m\u1edbi ra m\u1eaft nhanh ch\u00f3ng chi\u1ebfm \u0111\u01b0\u1ee3c thi\u1ec7n c\u1ea3m c\u1ee7a c\u1ed9ng \u0111\u1ed3ng.<\/span><\/p>\n\t\t\n<style>\n#text-694560706 {\n  text-align: center;\n  color: rgb(255,255,255);\n}\n#text-694560706 > * {\n  color: rgb(255,255,255);\n}\n<\/style>\n\t<\/div>\n\t\n\t\t<\/div>\n\t\t\t\t\t<\/div>\n\n\t\n<\/div>\n<div class=\"row\"  id=\"row-971852974\">\n\n\t<div id=\"col-1269832156\" class=\"col medium-6 small-12 large-6\"  >\n\t\t\t\t<div class=\"col-inner\"  >\n\t\t\t\n\t\t\t\n\t<div id=\"text-5864420\" class=\"text\">\n\t\t\n<p><img loading=\"lazy\" decoding=\"async\" class=\"size-full wp-image-56 aligncenter\" src=\"https:\/\/rs88.us\/wp-content\/uploads\/2026\/01\/giao-dich-nhanh.webp\" alt=\"RS88\" width=\"80\" height=\"80\" \/><\/p>\n<h3 style=\"text-align: center;\"><span style=\"font-family: verdana, geneva, sans-serif; color: #fb960b;\"><b>H\u1ec7 th\u1ed1ng n\u1ea1p \u2013 r\u00fat RS88 si\u00eau t\u1ed1c<\/b><\/span><\/h3>\n<p style=\"text-align: left;\"><span style=\"font-family: verdana, geneva, sans-serif;\">M\u1ed9t trong nh\u1eefng y\u1ebfu t\u1ed1 khi\u1ebfn\u00a0<b>RS88 COM<\/b>\u00a0\u0111\u01b0\u1ee3c y\u00eau th\u00edch ch\u00ednh l\u00e0 t\u1ed1c \u0111\u1ed9 x\u1eed l\u00fd giao d\u1ecbch. N\u1ea1p ti\u1ec1n ch\u1ec9 m\u1ea5t v\u00e0i gi\u00e2y, r\u00fat ti\u1ec1n \u0111\u01b0\u1ee3c x\u1eed l\u00fd t\u1ef1 \u0111\u1ed9ng trong v\u00f2ng 5 ph\u00fat, \u0111\u1ea3m b\u1ea3o d\u00f2ng ti\u1ec1n lu\u00f4n th\u00f4ng su\u1ed1t.<\/span><\/p>\n<p style=\"text-align: left;\"><span style=\"font-family: verdana, geneva, sans-serif;\">Th\u01b0\u01a1ng hi\u1ec7u m\u1edbi s\u1ebd h\u1ed7 tr\u1ee3 nhi\u1ec1u ph\u01b0\u01a1ng th\u1ee9c thanh to\u00e1n nh\u01b0 chuy\u1ec3n kho\u1ea3n ng\u00e2n h\u00e0ng, v\u00ed \u0111i\u1ec7n t\u1eed, th\u1ebb c\u00e0o v\u00e0 crypto. T\u1ea5t c\u1ea3 \u0111\u1ec1u \u0111\u01b0\u1ee3c th\u1ef1c hi\u1ec7n v\u1edbi s\u1ef1 b\u1ea3o m\u1eadt cao, gi\u1ea3m thi\u1ec3u t\u1ed1i \u0111a r\u1ee7i ro gian l\u1eadn hay ch\u1eadm tr\u1ec5.<\/span><\/p>\n\t\t\n<style>\n#text-5864420 {\n  text-align: center;\n  color: rgb(255,255,255);\n}\n#text-5864420 > * {\n  color: rgb(255,255,255);\n}\n<\/style>\n\t<\/div>\n\t\n\t\t<\/div>\n\t\t\t\t\t<\/div>\n\n\t\n\n\t<div id=\"col-145448708\" class=\"col medium-6 small-12 large-6\"  >\n\t\t\t\t<div class=\"col-inner\"  >\n\t\t\t\n\t\t\t\n\t<div id=\"text-4072309152\" class=\"text\">\n\t\t\n<h3><img loading=\"lazy\" decoding=\"async\" class=\"size-full wp-image-57 aligncenter\" src=\"https:\/\/rs88.us\/wp-content\/uploads\/2026\/01\/cskh-2.png\" alt=\"RS88\" width=\"80\" height=\"80\" \/><\/h3>\n<h3 style=\"text-align: center;\"><span style=\"font-family: verdana, geneva, sans-serif; color: #fb960b;\"><b>D\u1ecbch v\u1ee5 ch\u0103m s\u00f3c kh\u00e1ch h\u00e0ng 24\/7<\/b><\/span><\/h3>\n<p style=\"text-align: left;\"><span style=\"font-family: verdana, geneva, sans-serif;\"><b>RS88 com <\/b>n\u00eau r\u00f5 vi\u1ec7c ch\u00fa tr\u1ecdng v\u00e0o \u0111\u1ed9i ng\u0169 h\u1ed7 tr\u1ee3 chuy\u00ean nghi\u1ec7p ho\u1ea1t \u0111\u1ed9ng 24\/7. Th\u00e0nh vi\u00ean li\u00ean h\u1ec7 qua chat tr\u1ef1c tuy\u1ebfn, email ho\u1eb7c hotline \u0111\u1ec3 \u0111\u01b0\u1ee3c gi\u1ea3i \u0111\u00e1p ngay l\u1eadp t\u1ee9c.<\/span><\/p>\n<p style=\"text-align: left;\"><span style=\"font-family: verdana, geneva, sans-serif;\">B\u1ed9 ph\u1eadn CSKH \u0111\u01b0\u1ee3c \u0111\u00e0o t\u1ea1o b\u00e0i b\u1ea3n, am hi\u1ec3u m\u1ecdi s\u1ea3n ph\u1ea9m, lu\u00f4n s\u1eb5n s\u00e0ng gi\u00fap \u0111\u1ee1 ng\u01b0\u1eddi d\u00f9ng x\u1eed l\u00fd m\u1ecdi t\u00ecnh hu\u1ed1ng \u2013 t\u1eeb v\u1ea5n \u0111\u1ec1 \u0111\u0103ng nh\u1eadp, thanh to\u00e1n, \u0111\u1ebfn h\u01b0\u1edbng d\u1eabn tham gia tr\u00f2 ch\u01a1i.<\/span><\/p>\n\t\t\n<style>\n#text-4072309152 {\n  text-align: center;\n  color: rgb(255,255,255);\n}\n#text-4072309152 > * {\n  color: rgb(255,255,255);\n}\n<\/style>\n\t<\/div>\n\t\n\t\t<\/div>\n\t\t\t\t\t<\/div>\n\n\t\n<\/div>\n<div class=\"container section-title-container\" ><h2 class=\"section-title section-title-normal\"><b><\/b><span class=\"section-title-main\" style=\"color:rgb(251, 150, 11);\">Ch\u01b0\u01a1ng tr\u00ecnh khuy\u1ebfn m\u00e3i si\u00eau h\u1ea5p d\u1eabn<\/span><b><\/b><\/h2><\/div>\n<div class=\"row\"  id=\"row-2105100381\">\n\n\t<div id=\"col-1815535524\" class=\"col medium-4 small-12 large-4\"  >\n\t\t\t\t<div class=\"col-inner\"  >\n\t\t\t\n\t\t\t\n\t<div id=\"text-361626438\" class=\"text\">\n\t\t\n<p><span style=\"font-family: verdana, geneva, sans-serif;\">RS88 Khuy\u1ebfn m\u00e3i c\u1ef1c kh\u1ee7ng, lu\u00f4n c\u1eadp nh\u1eadp li\u00ean t\u1ee5c cho c\u1ea3 ng\u01b0\u1eddi ch\u01a1i m\u1edbi v\u00e0 ng\u01b0\u1eddi ch\u01a1i l\u00e2u n\u0103m<\/span><\/p>\n<h3><span style=\"font-family: verdana, geneva, sans-serif; color: #fb960b;\">M\u1ed9t s\u1ed1 \u01b0u \u0111\u00e3i n\u1ed5i b\u1eadt:<\/span><\/h3>\n<ul>\n<li aria-level=\"1\"><span style=\"font-family: verdana, geneva, sans-serif;\">Th\u01b0\u1edfng 100% n\u1ea1p \u0111\u1ea7u ti\u00ean cho ng\u01b0\u1eddi m\u1edbi<\/span><\/li>\n<li aria-level=\"1\"><span style=\"font-family: verdana, geneva, sans-serif;\">Ho\u00e0n tr\u1ea3 kh\u00f4ng gi\u1edbi h\u1ea1n m\u1ed7i ng\u00e0y cho slot, th\u1ec3 thao, casino<\/span><\/li>\n<li aria-level=\"1\"><span style=\"font-family: verdana, geneva, sans-serif;\">Th\u01b0\u1edfng n\u1ea1p h\u00e0ng tu\u1ea7n l\u00ean t\u1edbi 20%<\/span><\/li>\n<li aria-level=\"1\"><span style=\"font-family: verdana, geneva, sans-serif;\">T\u1eb7ng qu\u00e0 sinh nh\u1eadt + khuy\u1ebfn m\u00e3i VIP ri\u00eang<\/span><\/li>\n<li aria-level=\"1\"><span style=\"font-family: verdana, geneva, sans-serif;\">Th\u01b0\u1edfng t\u1ea3i app, th\u01b0\u1edfng gi\u1edbi thi\u1ec7u b\u1ea1n b\u00e8<\/span><\/li>\n<\/ul>\n\t\t\n<style>\n#text-361626438 {\n  font-size: 0.95rem;\n  color: rgb(255,255,255);\n}\n#text-361626438 > * {\n  color: rgb(255,255,255);\n}\n<\/style>\n\t<\/div>\n\t\n\t\t<\/div>\n\t\t\t\t\t<\/div>\n\n\t\n\n\t<div id=\"col-2053799670\" class=\"col medium-4 small-12 large-4\"  >\n\t\t\t\t<div class=\"col-inner\"  >\n\t\t\t\n\t\t\t\n\t<div id=\"gap-2028595453\" class=\"gap-element clearfix\" style=\"display:block; height:auto;\">\n\t\t\n<style>\n#gap-2028595453 {\n  padding-top: 30px;\n}\n<\/style>\n\t<\/div>\n\t\n\t<div class=\"img has-hover x md-x lg-x y md-y lg-y\" id=\"image_807752141\">\n\t\t<a class=\"\" href=\"https:\/\/rs88.us\/qc\/2\" target=\"_blank\" rel=\"noopener\">\t\t\t\t\t\t<div class=\"img-inner dark\" >\n\t\t\t<img loading=\"lazy\" decoding=\"async\" width=\"880\" height=\"334\" src=\"https:\/\/rs88.us\/wp-content\/uploads\/2026\/01\/rs88-napdau-2.png\" class=\"attachment-original size-original\" alt=\"RS88\" srcset=\"https:\/\/rs88.us\/wp-content\/uploads\/2026\/01\/rs88-napdau-2.png 880w, https:\/\/rs88.us\/wp-content\/uploads\/2026\/01\/rs88-napdau-2-300x114.png 300w, https:\/\/rs88.us\/wp-content\/uploads\/2026\/01\/rs88-napdau-2-768x291.png 768w\" sizes=\"auto, (max-width: 880px) 100vw, 880px\" \/>\t\t\t\t\t\t\n\t\t\t\t\t<\/div>\n\t\t\t\t\t\t<\/a>\t\t\n<style>\n#image_807752141 {\n  width: 100%;\n}\n<\/style>\n\t<\/div>\n\t\n\t<div id=\"gap-217337444\" class=\"gap-element clearfix\" style=\"display:block; height:auto;\">\n\t\t\n<style>\n#gap-217337444 {\n  padding-top: 30px;\n}\n<\/style>\n\t<\/div>\n\t\n\t<div class=\"img has-hover x md-x lg-x y md-y lg-y\" id=\"image_1100690913\">\n\t\t<a class=\"\" href=\"https:\/\/rs88.us\/qc\/2\" target=\"_blank\" rel=\"noopener\">\t\t\t\t\t\t<div class=\"img-inner dark\" >\n\t\t\t<img loading=\"lazy\" decoding=\"async\" width=\"880\" height=\"334\" src=\"https:\/\/rs88.us\/wp-content\/uploads\/2026\/01\/rs88-vqmm.png\" class=\"attachment-original size-original\" alt=\"\" srcset=\"https:\/\/rs88.us\/wp-content\/uploads\/2026\/01\/rs88-vqmm.png 880w, https:\/\/rs88.us\/wp-content\/uploads\/2026\/01\/rs88-vqmm-300x114.png 300w, https:\/\/rs88.us\/wp-content\/uploads\/2026\/01\/rs88-vqmm-768x291.png 768w\" sizes=\"auto, (max-width: 880px) 100vw, 880px\" \/>\t\t\t\t\t\t\n\t\t\t\t\t<\/div>\n\t\t\t\t\t\t<\/a>\t\t\n<style>\n#image_1100690913 {\n  width: 100%;\n}\n<\/style>\n\t<\/div>\n\t\n\t\t<\/div>\n\t\t\t\t\t<\/div>\n\n\t\n\n\t<div id=\"col-1084342723\" class=\"col medium-4 small-12 large-4\"  >\n\t\t\t\t<div class=\"col-inner\"  >\n\t\t\t\n\t\t\t\n\t<div id=\"gap-137137386\" class=\"gap-element clearfix\" style=\"display:block; height:auto;\">\n\t\t\n<style>\n#gap-137137386 {\n  padding-top: 30px;\n}\n<\/style>\n\t<\/div>\n\t\n\t<div class=\"img has-hover x md-x lg-x y md-y lg-y\" id=\"image_243909690\">\n\t\t<a class=\"\" href=\"https:\/\/rs88.us\/qc\/2\" target=\"_blank\" rel=\"noopener\">\t\t\t\t\t\t<div class=\"img-inner dark\" >\n\t\t\t<img loading=\"lazy\" decoding=\"async\" width=\"880\" height=\"334\" src=\"https:\/\/rs88.us\/wp-content\/uploads\/2026\/01\/rs88-dd.png\" class=\"attachment-original size-original\" alt=\"RS88\" srcset=\"https:\/\/rs88.us\/wp-content\/uploads\/2026\/01\/rs88-dd.png 880w, https:\/\/rs88.us\/wp-content\/uploads\/2026\/01\/rs88-dd-300x114.png 300w, https:\/\/rs88.us\/wp-content\/uploads\/2026\/01\/rs88-dd-768x291.png 768w\" sizes=\"auto, (max-width: 880px) 100vw, 880px\" \/>\t\t\t\t\t\t\n\t\t\t\t\t<\/div>\n\t\t\t\t\t\t<\/a>\t\t\n<style>\n#image_243909690 {\n  width: 100%;\n}\n<\/style>\n\t<\/div>\n\t\n\t<div id=\"gap-86422807\" class=\"gap-element clearfix\" style=\"display:block; height:auto;\">\n\t\t\n<style>\n#gap-86422807 {\n  padding-top: 30px;\n}\n<\/style>\n\t<\/div>\n\t\n\t<div class=\"img has-hover x md-x lg-x y md-y lg-y\" id=\"image_27211529\">\n\t\t<a class=\"\" href=\"https:\/\/rs88.us\/qc\/2\" target=\"_blank\" rel=\"noopener\">\t\t\t\t\t\t<div class=\"img-inner dark\" >\n\t\t\t<img loading=\"lazy\" decoding=\"async\" width=\"880\" height=\"334\" src=\"https:\/\/rs88.us\/wp-content\/uploads\/2026\/01\/rs88-vip.png\" class=\"attachment-original size-original\" alt=\"RS88\" srcset=\"https:\/\/rs88.us\/wp-content\/uploads\/2026\/01\/rs88-vip.png 880w, https:\/\/rs88.us\/wp-content\/uploads\/2026\/01\/rs88-vip-300x114.png 300w, https:\/\/rs88.us\/wp-content\/uploads\/2026\/01\/rs88-vip-768x291.png 768w\" sizes=\"auto, (max-width: 880px) 100vw, 880px\" \/>\t\t\t\t\t\t\n\t\t\t\t\t<\/div>\n\t\t\t\t\t\t<\/a>\t\t\n<style>\n#image_27211529 {\n  width: 100%;\n}\n<\/style>\n\t<\/div>\n\t\n\t\t<\/div>\n\t\t\t\t\t<\/div>\n\n\t\n<\/div>\n\t<div id=\"text-1755494186\" class=\"text\">\n\t\t\n<h2><span style=\"font-family: verdana, geneva, sans-serif; color: #fb960b;\">K\u1ebft lu\u1eadn<\/span><\/h2>\n<p><span style=\"font-family: verdana, geneva, sans-serif;\">Khi \u0111\u1eb7t ch\u00e2n \u0111\u1ebfn RS88, m\u1ed7i th\u00e0nh vi\u00ean \u0111\u1ec1u \u0111\u01b0\u1ee3c <b>t\u1eadn h\u01b0\u1edfng tr\u1ea3i nghi\u1ec7m t\u1ed1i \u01b0u<\/b>, t\u1eeb giao di\u1ec7n, t\u1ed1c \u0111\u1ed9, b\u1ea3o m\u1eadt, \u0111\u1ebfn h\u1ed7 tr\u1ee3 v\u00e0 \u0111a d\u1ea1ng t\u00f9y ch\u1ecdn. \u0110\u00e2y l\u00e0 n\u01a1i\u00a0<b>c\u00e1 c\u01b0\u1ee3c tr\u1edf n\u00ean d\u1ec5 d\u00e0ng, an to\u00e0n v\u00e0 hi\u1ec7u qu\u1ea3<\/b>, gi\u00fap ng\u01b0\u1eddi ch\u01a1i t\u1eadp trung v\u00e0o tr\u1ea3i nghi\u1ec7m m\u00e0 kh\u00f4ng lo gi\u00e1n \u0111o\u1ea1n hay r\u1ee7i ro.<\/span><br \/>\n\t\t\n<style>\n#text-1755494186 {\n  color: rgb(255,255,255);\n}\n#text-1755494186 > * {\n  color: rgb(255,255,255);\n}\n<\/style>\n\t<\/div>\n\t\n\t\t<\/div>\n\t\t\t\t\t<\/div>\n\n\t\n<\/div>\n","protected":false},"excerpt":{"rendered":"","protected":false},"author":1,"featured_media":6,"parent":0,"menu_order":0,"comment_status":"closed","ping_status":"closed","template":"","meta":{"footnotes":""},"class_list":["post-29","page","type-page","status-publish","has-post-thumbnail","hentry"],"_links":{"self":[{"href":"https:\/\/rs88.us\/index.php?rest_route=\/wp\/v2\/pages\/29","targetHints":{"allow":["GET"]}}],"collection":[{"href":"https:\/\/rs88.us\/index.php?rest_route=\/wp\/v2\/pages"}],"about":[{"href":"https:\/\/rs88.us\/index.php?rest_route=\/wp\/v2\/types\/page"}],"author":[{"embeddable":true,"href":"https:\/\/rs88.us\/index.php?rest_route=\/wp\/v2\/users\/1"}],"replies":[{"embeddable":true,"href":"https:\/\/rs88.us\/index.php?rest_route=%2Fwp%2Fv2%2Fcomments&post=29"}],"version-history":[{"count":28,"href":"https:\/\/rs88.us\/index.php?rest_route=\/wp\/v2\/pages\/29\/revisions"}],"predecessor-version":[{"id":81,"href":"https:\/\/rs88.us\/index.php?rest_route=\/wp\/v2\/pages\/29\/revisions\/81"}],"wp:featuredmedia":[{"embeddable":true,"href":"https:\/\/rs88.us\/index.php?rest_route=\/wp\/v2\/media\/6"}],"wp:attachment":[{"href":"https:\/\/rs88.us\/index.php?rest_route=%2Fwp%2Fv2%2Fmedia&parent=29"}],"curies":[{"name":"wp","href":"https:\/\/api.w.org\/{rel}","templated":true}]}}